{"id":3865,"date":"2021-06-12T19:32:41","date_gmt":"2021-06-12T19:32:41","guid":{"rendered":"https:\/\/skiebike.ro\/aventuri-de-iarna\/turasi\/"},"modified":"2022-11-24T12:49:30","modified_gmt":"2022-11-24T12:49:30","slug":"schi-de-tura","status":"publish","type":"page","link":"https:\/\/skiebike.ro\/ro\/aventuri-de-iarna\/schi-de-tura\/","title":{"rendered":"Schi de tur\u0103"},"content":{"rendered":"<div id=\"pl-3865\"  class=\"panel-layout\" ><div id=\"pg-3865-0\"  class=\"panel-grid panel-no-style\" ><div id=\"pgc-3865-0-0\"  class=\"panel-grid-cell panel-grid-cell-empty\" ><\/div><\/div><div id=\"pg-3865-1\"  class=\"panel-grid panel-no-style\" ><div id=\"pgc-3865-1-0\"  class=\"panel-grid-cell\" ><div id=\"panel-3865-1-0-0\" class=\"so-panel widget widget_sow-editor panel-first-child panel-last-child\" data-index=\"0\" ><div class=\"so-widget-sow-editor so-widget-sow-editor-base\">\n<div class=\"siteorigin-widget-tinymce textwidget\">\n\t<h2>Schi de tur\u0103  <span style=\"color: #2e3b4e; font-weight: 300;\">- Organizat, cu ghid<\/span><\/h2>\n<\/div>\n<\/div><\/div><\/div><\/div><div id=\"pg-3865-2\"  class=\"panel-grid panel-no-style\" ><div id=\"pgc-3865-2-0\"  class=\"panel-grid-cell\" ><div id=\"panel-3865-2-0-0\" class=\"so-panel widget widget_sow-editor panel-first-child panel-last-child\" data-index=\"1\" ><div class=\"so-widget-sow-editor so-widget-sow-editor-base\">\n<div class=\"siteorigin-widget-tinymce textwidget\">\n\t<p style=\"text-align: justify;\"><strong>Schiul de tur\u0103 v\u0103 permite s\u0103 ajunge\u021bi cu u\u0219urin\u021b\u0103 \u00een locuri cu z\u0103pad\u0103 abundent\u0103 iarna \u0219i s\u0103 cobor\u00e2\u021bi pe p\u0103r\u021bile care sunt departe de p\u00e2rtiile de schi consacrate.<\/strong><\/p>\n<p style=\"text-align: justify;\">\u00cen turele noastre de schi, v\u0103 pute\u021bi familiariza cu tipurile \u0219i func\u021biile echipamentelor de baz\u0103, le pute\u021bi \u00eencerca \u0219i pute\u021bi experimenta care este cea mai potrivit\u0103 pentru dvs. Chiar dac\u0103 e\u0219ti un drume\u021b experimentat, cu siguran\u021b\u0103 v\u0103 putem ar\u0103ta un site pe care nu l-ai \u00eencercat \u00eenc\u0103.<\/p>\n<\/div>\n<\/div><\/div><\/div><\/div><div id=\"pg-3865-3\"  class=\"panel-grid panel-no-style\" ><div id=\"pgc-3865-3-0\"  class=\"panel-grid-cell\" ><div id=\"panel-3865-3-0-0\" class=\"so-panel widget widget_sow-editor panel-first-child panel-last-child\" data-index=\"2\" ><div class=\"so-widget-sow-editor so-widget-sow-editor-base\">\n<div class=\"siteorigin-widget-tinymce textwidget\">\n\t<hr class=\"hr--dashed\" \/>\n<\/div>\n<\/div><\/div><\/div><\/div><div id=\"pg-3865-4\"  class=\"panel-grid panel-no-style\" ><div id=\"pgc-3865-4-0\"  class=\"panel-grid-cell\" ><div id=\"panel-3865-4-0-0\" class=\"so-panel widget widget_media_gallery panel-first-child panel-last-child\" data-index=\"3\" ><div id='gallery-1' class='gallery galleryid-3865 gallery-columns-4 gallery-size-medium'><figure class='gallery-item'>\n\t\t\t<div class='gallery-icon landscape'>\n\t\t\t\t<a href='https:\/\/skiebike.ro\/wp-content\/uploads\/ts10.jpg'><img loading=\"lazy\" decoding=\"async\" width=\"1000\" height=\"750\" src=\"https:\/\/skiebike.ro\/wp-content\/uploads\/ts10.jpg\" class=\"attachment-medium size-medium\" alt=\"\" srcset=\"https:\/\/skiebike.ro\/wp-content\/uploads\/ts10.jpg 1000w, https:\/\/skiebike.ro\/wp-content\/uploads\/ts10-768x576.jpg 768w, https:\/\/skiebike.ro\/wp-content\/uploads\/ts10-300x225.jpg 300w, https:\/\/skiebike.ro\/wp-content\/uploads\/ts10-600x450.jpg 600w\" sizes=\"auto, (max-width: 1000px) 100vw, 1000px\" \/><\/a>\n\t\t\t<\/div><\/figure><figure class='gallery-item'>\n\t\t\t<div class='gallery-icon landscape'>\n\t\t\t\t<a href='https:\/\/skiebike.ro\/wp-content\/uploads\/ts8.jpg'><img loading=\"lazy\" decoding=\"async\" width=\"1000\" height=\"750\" src=\"https:\/\/skiebike.ro\/wp-content\/uploads\/ts8.jpg\" class=\"attachment-medium size-medium\" alt=\"\" srcset=\"https:\/\/skiebike.ro\/wp-content\/uploads\/ts8.jpg 1000w, https:\/\/skiebike.ro\/wp-content\/uploads\/ts8-768x576.jpg 768w, https:\/\/skiebike.ro\/wp-content\/uploads\/ts8-300x225.jpg 300w, https:\/\/skiebike.ro\/wp-content\/uploads\/ts8-600x450.jpg 600w\" sizes=\"auto, (max-width: 1000px) 100vw, 1000px\" \/><\/a>\n\t\t\t<\/div><\/figure><figure class='gallery-item'>\n\t\t\t<div class='gallery-icon landscape'>\n\t\t\t\t<a href='https:\/\/skiebike.ro\/wp-content\/uploads\/ts6.jpg'><img loading=\"lazy\" decoding=\"async\" width=\"1000\" height=\"750\" src=\"https:\/\/skiebike.ro\/wp-content\/uploads\/ts6.jpg\" class=\"attachment-medium size-medium\" alt=\"\" srcset=\"https:\/\/skiebike.ro\/wp-content\/uploads\/ts6.jpg 1000w, https:\/\/skiebike.ro\/wp-content\/uploads\/ts6-768x576.jpg 768w, https:\/\/skiebike.ro\/wp-content\/uploads\/ts6-300x225.jpg 300w, https:\/\/skiebike.ro\/wp-content\/uploads\/ts6-600x450.jpg 600w\" sizes=\"auto, (max-width: 1000px) 100vw, 1000px\" \/><\/a>\n\t\t\t<\/div><\/figure><figure class='gallery-item'>\n\t\t\t<div class='gallery-icon landscape'>\n\t\t\t\t<a href='https:\/\/skiebike.ro\/wp-content\/uploads\/ts5.jpg'><img loading=\"lazy\" decoding=\"async\" width=\"1000\" height=\"750\" src=\"https:\/\/skiebike.ro\/wp-content\/uploads\/ts5.jpg\" class=\"attachment-medium size-medium\" alt=\"\" srcset=\"https:\/\/skiebike.ro\/wp-content\/uploads\/ts5.jpg 1000w, https:\/\/skiebike.ro\/wp-content\/uploads\/ts5-768x576.jpg 768w, https:\/\/skiebike.ro\/wp-content\/uploads\/ts5-300x225.jpg 300w, https:\/\/skiebike.ro\/wp-content\/uploads\/ts5-600x450.jpg 600w\" sizes=\"auto, (max-width: 1000px) 100vw, 1000px\" \/><\/a>\n\t\t\t<\/div><\/figure><figure class='gallery-item'>\n\t\t\t<div class='gallery-icon landscape'>\n\t\t\t\t<a href='https:\/\/skiebike.ro\/wp-content\/uploads\/ts4.jpg'><img loading=\"lazy\" decoding=\"async\" width=\"1000\" height=\"750\" src=\"https:\/\/skiebike.ro\/wp-content\/uploads\/ts4.jpg\" class=\"attachment-medium size-medium\" alt=\"\" srcset=\"https:\/\/skiebike.ro\/wp-content\/uploads\/ts4.jpg 1000w, https:\/\/skiebike.ro\/wp-content\/uploads\/ts4-768x576.jpg 768w, https:\/\/skiebike.ro\/wp-content\/uploads\/ts4-300x225.jpg 300w, https:\/\/skiebike.ro\/wp-content\/uploads\/ts4-600x450.jpg 600w\" sizes=\"auto, (max-width: 1000px) 100vw, 1000px\" \/><\/a>\n\t\t\t<\/div><\/figure><figure class='gallery-item'>\n\t\t\t<div class='gallery-icon landscape'>\n\t\t\t\t<a href='https:\/\/skiebike.ro\/wp-content\/uploads\/ts3.jpg'><img loading=\"lazy\" decoding=\"async\" width=\"1000\" height=\"750\" src=\"https:\/\/skiebike.ro\/wp-content\/uploads\/ts3.jpg\" class=\"attachment-medium size-medium\" alt=\"\" srcset=\"https:\/\/skiebike.ro\/wp-content\/uploads\/ts3.jpg 1000w, https:\/\/skiebike.ro\/wp-content\/uploads\/ts3-768x576.jpg 768w, https:\/\/skiebike.ro\/wp-content\/uploads\/ts3-300x225.jpg 300w, https:\/\/skiebike.ro\/wp-content\/uploads\/ts3-600x450.jpg 600w\" sizes=\"auto, (max-width: 1000px) 100vw, 1000px\" \/><\/a>\n\t\t\t<\/div><\/figure><figure class='gallery-item'>\n\t\t\t<div class='gallery-icon landscape'>\n\t\t\t\t<a href='https:\/\/skiebike.ro\/wp-content\/uploads\/ts2.jpg'><img loading=\"lazy\" decoding=\"async\" width=\"1000\" height=\"750\" src=\"https:\/\/skiebike.ro\/wp-content\/uploads\/ts2.jpg\" class=\"attachment-medium size-medium\" alt=\"\" srcset=\"https:\/\/skiebike.ro\/wp-content\/uploads\/ts2.jpg 1000w, https:\/\/skiebike.ro\/wp-content\/uploads\/ts2-768x576.jpg 768w, https:\/\/skiebike.ro\/wp-content\/uploads\/ts2-300x225.jpg 300w, https:\/\/skiebike.ro\/wp-content\/uploads\/ts2-600x450.jpg 600w\" sizes=\"auto, (max-width: 1000px) 100vw, 1000px\" \/><\/a>\n\t\t\t<\/div><\/figure><figure class='gallery-item'>\n\t\t\t<div class='gallery-icon landscape'>\n\t\t\t\t<a href='https:\/\/skiebike.ro\/wp-content\/uploads\/ts1.jpg'><img loading=\"lazy\" decoding=\"async\" width=\"1000\" height=\"750\" src=\"https:\/\/skiebike.ro\/wp-content\/uploads\/ts1.jpg\" class=\"attachment-medium size-medium\" alt=\"\" srcset=\"https:\/\/skiebike.ro\/wp-content\/uploads\/ts1.jpg 1000w, https:\/\/skiebike.ro\/wp-content\/uploads\/ts1-768x576.jpg 768w, https:\/\/skiebike.ro\/wp-content\/uploads\/ts1-300x225.jpg 300w, https:\/\/skiebike.ro\/wp-content\/uploads\/ts1-600x450.jpg 600w\" sizes=\"auto, (max-width: 1000px) 100vw, 1000px\" \/><\/a>\n\t\t\t<\/div><\/figure>\n\t\t<\/div>\n<\/div><\/div><\/div><\/div>","protected":false},"excerpt":{"rendered":"<p>J\u00e1rd be a Hargita rejtett oldalait t\u00faral\u00e9cekkel, szervezetten<\/p>\n","protected":false},"author":1,"featured_media":3238,"parent":3813,"menu_order":0,"comment_status":"closed","ping_status":"closed","template":"","meta":{"footnotes":""},"class_list":{"0":"post-3865","1":"page","2":"type-page","3":"status-publish","4":"has-post-thumbnail","6":"clearfix","7":"article"},"yoast_head":"<!-- This site is optimized with the Yoast SEO Premium plugin v15.3 - https:\/\/yoast.com\/wordpress\/plugins\/seo\/ -->\n<title>Schi de tur\u0103 - Organizat, cu ghid - Harghita M\u0103d\u0103ra\u0219<\/title>\n<meta name=\"description\" content=\"Schiul de tur\u0103 v\u0103 permite s\u0103 ajunge\u021bi cu u\u0219urin\u021b\u0103 \u00een locuri cu z\u0103pad\u0103 abundent\u0103 iarna \u0219i s\u0103 cobor\u00e2\u021bi pe p\u0103r\u021bile care sunt departe de p\u00e2rtiile de schi consacrate.\" \/>\n<meta name=\"robots\" content=\"index, follow, max-snippet:-1, max-image-preview:large, max-video-preview:-1\" \/>\n<link rel=\"canonical\" href=\"https:\/\/skiebike.ro\/ro\/aventuri-de-iarna\/schi-de-tura\/\" \/>\n<meta property=\"og:locale\" content=\"ro_RO\" \/>\n<meta property=\"og:type\" content=\"article\" \/>\n<meta property=\"og:title\" content=\"Schi de tur\u0103 - Organizat, cu ghid - Harghita M\u0103d\u0103ra\u0219\" \/>\n<meta property=\"og:description\" content=\"Schiul de tur\u0103 v\u0103 permite s\u0103 ajunge\u021bi cu u\u0219urin\u021b\u0103 \u00een locuri cu z\u0103pad\u0103 abundent\u0103 iarna \u0219i s\u0103 cobor\u00e2\u021bi pe p\u0103r\u021bile care sunt departe de p\u00e2rtiile de schi consacrate.\" \/>\n<meta property=\"og:url\" content=\"https:\/\/skiebike.ro\/ro\/aventuri-de-iarna\/schi-de-tura\/\" \/>\n<meta property=\"og:site_name\" content=\"Ski &amp; E-bike\" \/>\n<meta property=\"article:modified_time\" content=\"2022-11-24T12:49:30+00:00\" \/>\n<meta property=\"og:image\" content=\"https:\/\/skiebike.ro\/wp-content\/uploads\/siturak.jpg\" \/>\n\t<meta property=\"og:image:width\" content=\"860\" \/>\n\t<meta property=\"og:image:height\" content=\"430\" \/>\n<meta name=\"twitter:card\" content=\"summary_large_image\" \/>\n<meta name=\"twitter:label1\" content=\"Scris de\">\n\t<meta name=\"twitter:data1\" content=\"Sipos Zoltan\">\n\t<meta name=\"twitter:label2\" content=\"Timp estimat pentru citire\">\n\t<meta name=\"twitter:data2\" content=\"0 minute\">\n<script type=\"application\/ld+json\" class=\"yoast-schema-graph\">{\"@context\":\"https:\/\/schema.org\",\"@graph\":[{\"@type\":\"WebSite\",\"@id\":\"https:\/\/skiebike.ro\/#website\",\"url\":\"https:\/\/skiebike.ro\/\",\"name\":\"Ski &amp; E-bike\",\"description\":\"\",\"potentialAction\":[{\"@type\":\"SearchAction\",\"target\":\"https:\/\/skiebike.ro\/?s={search_term_string}\",\"query-input\":\"required name=search_term_string\"}],\"inLanguage\":\"ro-RO\"},{\"@type\":\"ImageObject\",\"@id\":\"https:\/\/skiebike.ro\/ro\/aventuri-de-iarna\/schi-de-tura\/#primaryimage\",\"inLanguage\":\"ro-RO\",\"url\":\"https:\/\/skiebike.ro\/wp-content\/uploads\/siturak.jpg\",\"width\":860,\"height\":430},{\"@type\":\"WebPage\",\"@id\":\"https:\/\/skiebike.ro\/ro\/aventuri-de-iarna\/schi-de-tura\/#webpage\",\"url\":\"https:\/\/skiebike.ro\/ro\/aventuri-de-iarna\/schi-de-tura\/\",\"name\":\"Schi de tur\\u0103 - Organizat, cu ghid - Harghita M\\u0103d\\u0103ra\\u0219\",\"isPartOf\":{\"@id\":\"https:\/\/skiebike.ro\/#website\"},\"primaryImageOfPage\":{\"@id\":\"https:\/\/skiebike.ro\/ro\/aventuri-de-iarna\/schi-de-tura\/#primaryimage\"},\"datePublished\":\"2021-06-12T19:32:41+00:00\",\"dateModified\":\"2022-11-24T12:49:30+00:00\",\"description\":\"Schiul de tur\\u0103 v\\u0103 permite s\\u0103 ajunge\\u021bi cu u\\u0219urin\\u021b\\u0103 \\u00een locuri cu z\\u0103pad\\u0103 abundent\\u0103 iarna \\u0219i s\\u0103 cobor\\u00e2\\u021bi pe p\\u0103r\\u021bile care sunt departe de p\\u00e2rtiile de schi consacrate.\",\"inLanguage\":\"ro-RO\",\"potentialAction\":[{\"@type\":\"ReadAction\",\"target\":[\"https:\/\/skiebike.ro\/ro\/aventuri-de-iarna\/schi-de-tura\/\"]}]}]}<\/script>\n<!-- \/ Yoast SEO Premium plugin. -->","_links":{"self":[{"href":"https:\/\/skiebike.ro\/ro\/wp-json\/wp\/v2\/pages\/3865","targetHints":{"allow":["GET"]}}],"collection":[{"href":"https:\/\/skiebike.ro\/ro\/wp-json\/wp\/v2\/pages"}],"about":[{"href":"https:\/\/skiebike.ro\/ro\/wp-json\/wp\/v2\/types\/page"}],"author":[{"embeddable":true,"href":"https:\/\/skiebike.ro\/ro\/wp-json\/wp\/v2\/users\/1"}],"replies":[{"embeddable":true,"href":"https:\/\/skiebike.ro\/ro\/wp-json\/wp\/v2\/comments?post=3865"}],"version-history":[{"count":4,"href":"https:\/\/skiebike.ro\/ro\/wp-json\/wp\/v2\/pages\/3865\/revisions"}],"predecessor-version":[{"id":3874,"href":"https:\/\/skiebike.ro\/ro\/wp-json\/wp\/v2\/pages\/3865\/revisions\/3874"}],"up":[{"embeddable":true,"href":"https:\/\/skiebike.ro\/ro\/wp-json\/wp\/v2\/pages\/3813"}],"wp:featuredmedia":[{"embeddable":true,"href":"https:\/\/skiebike.ro\/ro\/wp-json\/wp\/v2\/media\/3238"}],"wp:attachment":[{"href":"https:\/\/skiebike.ro\/ro\/wp-json\/wp\/v2\/media?parent=3865"}],"curies":[{"name":"wp","href":"https:\/\/api.w.org\/{rel}","templated":true}]}}