{"id":3860,"date":"2022-02-05T20:09:30","date_gmt":"2022-02-05T20:09:30","guid":{"rendered":"https:\/\/skiebike.ro\/aventuri-de-iarna\/sitski-foglalkozasok\/"},"modified":"2022-11-24T12:44:01","modified_gmt":"2022-11-24T12:44:01","slug":"sitski","status":"publish","type":"page","link":"https:\/\/skiebike.ro\/ro\/aventuri-de-iarna\/sitski\/","title":{"rendered":"Sitski"},"content":{"rendered":"<div id=\"pl-3860\"  class=\"panel-layout\" ><div id=\"pg-3860-0\"  class=\"panel-grid panel-no-style\" ><div id=\"pgc-3860-0-0\"  class=\"panel-grid-cell panel-grid-cell-empty\" ><\/div><\/div><div id=\"pg-3860-1\"  class=\"panel-grid panel-no-style\" ><div id=\"pgc-3860-1-0\"  class=\"panel-grid-cell\" ><div id=\"panel-3860-1-0-0\" class=\"so-panel widget widget_sow-editor panel-first-child panel-last-child\" data-index=\"0\" ><div class=\"so-widget-sow-editor so-widget-sow-editor-base\">\n<div class=\"siteorigin-widget-tinymce textwidget\">\n\t<h2>S\u00edtski<span style=\"color: #2e3b4e; font-weight: 300;\">- pentru persoanele cu dizabilit\u0103\u021bi<br \/>\n<\/span><\/h2>\n<\/div>\n<\/div><\/div><\/div><\/div><div id=\"pg-3860-2\"  class=\"panel-grid panel-no-style\" ><div id=\"pgc-3860-2-0\"  class=\"panel-grid-cell\" ><div id=\"panel-3860-2-0-0\" class=\"so-panel widget widget_sow-editor panel-first-child panel-last-child\" data-index=\"1\" ><div class=\"so-widget-sow-editor so-widget-sow-editor-base\">\n<div class=\"siteorigin-widget-tinymce textwidget\">\n\t<p style=\"text-align: justify;\">Schi asistat pentru persoanele cu dizabilit\u0103\u021bi. Acest echipament creeaz\u0103 o oportunitate pentru persoanele cu mobilitate limitat\u0103 de a tr\u0103i un stil de via\u021b\u0103 activ \u00een apropierea naturii. Dac\u0103 schiul a fost de neimaginat pentru tine p\u00e2n\u0103 acum, o nou\u0103 lume \u021bi se poate deschide cu aceast\u0103 form\u0103 de mi\u0219care asistat\u0103.<\/p>\n<\/div>\n<\/div><\/div><\/div><\/div><div id=\"pg-3860-3\"  class=\"panel-grid panel-no-style\" ><div id=\"pgc-3860-3-0\"  class=\"panel-grid-cell\" ><div id=\"panel-3860-3-0-0\" class=\"so-panel widget widget_sow-editor panel-first-child panel-last-child\" data-index=\"2\" ><div class=\"so-widget-sow-editor so-widget-sow-editor-base\">\n<div class=\"siteorigin-widget-tinymce textwidget\">\n\t<hr class=\"hr--dashed\" \/>\n<\/div>\n<\/div><\/div><\/div><\/div><div id=\"pg-3860-4\"  class=\"panel-grid panel-no-style\" ><div id=\"pgc-3860-4-0\"  class=\"panel-grid-cell\" ><div id=\"panel-3860-4-0-0\" class=\"so-panel widget widget_media_gallery panel-first-child panel-last-child\" data-index=\"3\" ><div id='gallery-1' class='gallery galleryid-3860 gallery-columns-3 gallery-size-medium'><figure class='gallery-item'>\n\t\t\t<div class='gallery-icon portrait'>\n\t\t\t\t<a href='https:\/\/skiebike.ro\/wp-content\/uploads\/ss1.jpg'><img loading=\"lazy\" decoding=\"async\" width=\"625\" height=\"833\" src=\"https:\/\/skiebike.ro\/wp-content\/uploads\/ss1.jpg\" class=\"attachment-medium size-medium\" alt=\"\" srcset=\"https:\/\/skiebike.ro\/wp-content\/uploads\/ss1.jpg 625w, https:\/\/skiebike.ro\/wp-content\/uploads\/ss1-300x400.jpg 300w, https:\/\/skiebike.ro\/wp-content\/uploads\/ss1-600x800.jpg 600w\" sizes=\"auto, (max-width: 625px) 100vw, 625px\" \/><\/a>\n\t\t\t<\/div><\/figure><figure class='gallery-item'>\n\t\t\t<div class='gallery-icon portrait'>\n\t\t\t\t<a href='https:\/\/skiebike.ro\/wp-content\/uploads\/ss2.jpg'><img loading=\"lazy\" decoding=\"async\" width=\"625\" height=\"833\" src=\"https:\/\/skiebike.ro\/wp-content\/uploads\/ss2.jpg\" class=\"attachment-medium size-medium\" alt=\"\" srcset=\"https:\/\/skiebike.ro\/wp-content\/uploads\/ss2.jpg 625w, https:\/\/skiebike.ro\/wp-content\/uploads\/ss2-300x400.jpg 300w, https:\/\/skiebike.ro\/wp-content\/uploads\/ss2-600x800.jpg 600w\" sizes=\"auto, (max-width: 625px) 100vw, 625px\" \/><\/a>\n\t\t\t<\/div><\/figure><figure class='gallery-item'>\n\t\t\t<div class='gallery-icon portrait'>\n\t\t\t\t<a href='https:\/\/skiebike.ro\/wp-content\/uploads\/ss3.jpg'><img loading=\"lazy\" decoding=\"async\" width=\"625\" height=\"833\" src=\"https:\/\/skiebike.ro\/wp-content\/uploads\/ss3.jpg\" class=\"attachment-medium size-medium\" alt=\"\" srcset=\"https:\/\/skiebike.ro\/wp-content\/uploads\/ss3.jpg 625w, https:\/\/skiebike.ro\/wp-content\/uploads\/ss3-300x400.jpg 300w, https:\/\/skiebike.ro\/wp-content\/uploads\/ss3-600x800.jpg 600w\" sizes=\"auto, (max-width: 625px) 100vw, 625px\" \/><\/a>\n\t\t\t<\/div><\/figure><figure class='gallery-item'>\n\t\t\t<div class='gallery-icon portrait'>\n\t\t\t\t<a href='https:\/\/skiebike.ro\/wp-content\/uploads\/ss4.jpg'><img loading=\"lazy\" decoding=\"async\" width=\"625\" height=\"833\" src=\"https:\/\/skiebike.ro\/wp-content\/uploads\/ss4.jpg\" class=\"attachment-medium size-medium\" alt=\"\" srcset=\"https:\/\/skiebike.ro\/wp-content\/uploads\/ss4.jpg 625w, https:\/\/skiebike.ro\/wp-content\/uploads\/ss4-300x400.jpg 300w, https:\/\/skiebike.ro\/wp-content\/uploads\/ss4-600x800.jpg 600w\" sizes=\"auto, (max-width: 625px) 100vw, 625px\" \/><\/a>\n\t\t\t<\/div><\/figure><figure class='gallery-item'>\n\t\t\t<div class='gallery-icon portrait'>\n\t\t\t\t<a href='https:\/\/skiebike.ro\/wp-content\/uploads\/ss6.jpg'><img loading=\"lazy\" decoding=\"async\" width=\"625\" height=\"833\" src=\"https:\/\/skiebike.ro\/wp-content\/uploads\/ss6.jpg\" class=\"attachment-medium size-medium\" alt=\"\" srcset=\"https:\/\/skiebike.ro\/wp-content\/uploads\/ss6.jpg 625w, https:\/\/skiebike.ro\/wp-content\/uploads\/ss6-300x400.jpg 300w, https:\/\/skiebike.ro\/wp-content\/uploads\/ss6-600x800.jpg 600w\" sizes=\"auto, (max-width: 625px) 100vw, 625px\" \/><\/a>\n\t\t\t<\/div><\/figure><figure class='gallery-item'>\n\t\t\t<div class='gallery-icon landscape'>\n\t\t\t\t<a href='https:\/\/skiebike.ro\/wp-content\/uploads\/ss7.jpg'><img loading=\"lazy\" decoding=\"async\" width=\"1000\" height=\"750\" src=\"https:\/\/skiebike.ro\/wp-content\/uploads\/ss7.jpg\" class=\"attachment-medium size-medium\" alt=\"\" srcset=\"https:\/\/skiebike.ro\/wp-content\/uploads\/ss7.jpg 1000w, https:\/\/skiebike.ro\/wp-content\/uploads\/ss7-768x576.jpg 768w, https:\/\/skiebike.ro\/wp-content\/uploads\/ss7-300x225.jpg 300w, https:\/\/skiebike.ro\/wp-content\/uploads\/ss7-600x450.jpg 600w\" sizes=\"auto, (max-width: 1000px) 100vw, 1000px\" \/><\/a>\n\t\t\t<\/div><\/figure>\n\t\t<\/div>\n<\/div><\/div><\/div><\/div>","protected":false},"excerpt":{"rendered":"<p>Tanuld meg a s\u00edz\u00e9s fort\u00e9lyait a profikt\u00f3l, hogy biztons\u00e1gosan s\u00edzhess<\/p>\n","protected":false},"author":1,"featured_media":3924,"parent":3813,"menu_order":0,"comment_status":"closed","ping_status":"closed","template":"","meta":{"footnotes":""},"class_list":{"0":"post-3860","1":"page","2":"type-page","3":"status-publish","4":"has-post-thumbnail","6":"clearfix","7":"article"},"yoast_head":"<!-- This site is optimized with the Yoast SEO Premium plugin v15.3 - https:\/\/yoast.com\/wordpress\/plugins\/seo\/ -->\n<title>Sitski - pentru persoanele cu dizabilit\u0103\u021bi - Harghita M\u0103d\u0103ra\u0219<\/title>\n<meta name=\"description\" content=\"Schi asistat pentru persoanele cu dizabilit\u0103\u021bi.\" \/>\n<meta name=\"robots\" content=\"index, follow, max-snippet:-1, max-image-preview:large, max-video-preview:-1\" \/>\n<link rel=\"canonical\" href=\"https:\/\/skiebike.ro\/ro\/aventuri-de-iarna\/sitski\/\" \/>\n<meta property=\"og:locale\" content=\"ro_RO\" \/>\n<meta property=\"og:type\" content=\"article\" \/>\n<meta property=\"og:title\" content=\"Sitski - pentru persoanele cu dizabilit\u0103\u021bi - Harghita M\u0103d\u0103ra\u0219\" \/>\n<meta property=\"og:description\" content=\"Schi asistat pentru persoanele cu dizabilit\u0103\u021bi.\" \/>\n<meta property=\"og:url\" content=\"https:\/\/skiebike.ro\/ro\/aventuri-de-iarna\/sitski\/\" \/>\n<meta property=\"og:site_name\" content=\"Ski &amp; E-bike\" \/>\n<meta property=\"article:modified_time\" content=\"2022-11-24T12:44:01+00:00\" \/>\n<meta property=\"og:image\" content=\"https:\/\/skiebike.ro\/wp-content\/uploads\/ss5.jpg\" \/>\n\t<meta property=\"og:image:width\" content=\"1000\" \/>\n\t<meta property=\"og:image:height\" content=\"706\" \/>\n<meta name=\"twitter:card\" content=\"summary_large_image\" \/>\n<meta name=\"twitter:label1\" content=\"Scris de\">\n\t<meta name=\"twitter:data1\" content=\"Sipos Zoltan\">\n\t<meta name=\"twitter:label2\" content=\"Timp estimat pentru citire\">\n\t<meta name=\"twitter:data2\" content=\"0 minute\">\n<script type=\"application\/ld+json\" class=\"yoast-schema-graph\">{\"@context\":\"https:\/\/schema.org\",\"@graph\":[{\"@type\":\"WebSite\",\"@id\":\"https:\/\/skiebike.ro\/#website\",\"url\":\"https:\/\/skiebike.ro\/\",\"name\":\"Ski &amp; E-bike\",\"description\":\"\",\"potentialAction\":[{\"@type\":\"SearchAction\",\"target\":\"https:\/\/skiebike.ro\/?s={search_term_string}\",\"query-input\":\"required name=search_term_string\"}],\"inLanguage\":\"ro-RO\"},{\"@type\":\"ImageObject\",\"@id\":\"https:\/\/skiebike.ro\/ro\/aventuri-de-iarna\/sitski\/#primaryimage\",\"inLanguage\":\"ro-RO\",\"url\":\"https:\/\/skiebike.ro\/wp-content\/uploads\/sitski.jpg\",\"width\":860,\"height\":430},{\"@type\":\"WebPage\",\"@id\":\"https:\/\/skiebike.ro\/ro\/aventuri-de-iarna\/sitski\/#webpage\",\"url\":\"https:\/\/skiebike.ro\/ro\/aventuri-de-iarna\/sitski\/\",\"name\":\"Sitski - pentru persoanele cu dizabilit\\u0103\\u021bi - Harghita M\\u0103d\\u0103ra\\u0219\",\"isPartOf\":{\"@id\":\"https:\/\/skiebike.ro\/#website\"},\"primaryImageOfPage\":{\"@id\":\"https:\/\/skiebike.ro\/ro\/aventuri-de-iarna\/sitski\/#primaryimage\"},\"datePublished\":\"2022-02-05T20:09:30+00:00\",\"dateModified\":\"2022-11-24T12:44:01+00:00\",\"description\":\"Schi asistat pentru persoanele cu dizabilit\\u0103\\u021bi.\",\"inLanguage\":\"ro-RO\",\"potentialAction\":[{\"@type\":\"ReadAction\",\"target\":[\"https:\/\/skiebike.ro\/ro\/aventuri-de-iarna\/sitski\/\"]}]}]}<\/script>\n<!-- \/ Yoast SEO Premium plugin. -->","_links":{"self":[{"href":"https:\/\/skiebike.ro\/ro\/wp-json\/wp\/v2\/pages\/3860","targetHints":{"allow":["GET"]}}],"collection":[{"href":"https:\/\/skiebike.ro\/ro\/wp-json\/wp\/v2\/pages"}],"about":[{"href":"https:\/\/skiebike.ro\/ro\/wp-json\/wp\/v2\/types\/page"}],"author":[{"embeddable":true,"href":"https:\/\/skiebike.ro\/ro\/wp-json\/wp\/v2\/users\/1"}],"replies":[{"embeddable":true,"href":"https:\/\/skiebike.ro\/ro\/wp-json\/wp\/v2\/comments?post=3860"}],"version-history":[{"count":3,"href":"https:\/\/skiebike.ro\/ro\/wp-json\/wp\/v2\/pages\/3860\/revisions"}],"predecessor-version":[{"id":3863,"href":"https:\/\/skiebike.ro\/ro\/wp-json\/wp\/v2\/pages\/3860\/revisions\/3863"}],"up":[{"embeddable":true,"href":"https:\/\/skiebike.ro\/ro\/wp-json\/wp\/v2\/pages\/3813"}],"wp:featuredmedia":[{"embeddable":true,"href":"https:\/\/skiebike.ro\/ro\/wp-json\/wp\/v2\/media\/3924"}],"wp:attachment":[{"href":"https:\/\/skiebike.ro\/ro\/wp-json\/wp\/v2\/media?parent=3860"}],"curies":[{"name":"wp","href":"https:\/\/api.w.org\/{rel}","templated":true}]}}