{"id":3743,"date":"2021-06-07T21:06:18","date_gmt":"2021-06-07T21:06:18","guid":{"rendered":"https:\/\/skiebike.ro\/home\/"},"modified":"2022-12-07T22:55:15","modified_gmt":"2022-12-07T22:55:15","slug":"home","status":"publish","type":"page","link":"https:\/\/skiebike.ro\/ro\/","title":{"rendered":"Pagina principal\u0103"},"content":{"rendered":"<div id=\"pl-3743\"  class=\"panel-layout\" ><div id=\"pg-3743-0\"  class=\"panel-grid panel-no-style\" ><div id=\"pgc-3743-0-0\"  class=\"panel-grid-cell\" ><div id=\"panel-3743-0-0-0\" class=\"so-panel widget widget_sow-editor panel-first-child panel-last-child\" data-index=\"0\" ><div class=\"so-widget-sow-editor so-widget-sow-editor-base\">\n<div class=\"siteorigin-widget-tinymce textwidget\">\n\t<p>&nbsp;<\/p>\n<p>&nbsp;<\/p>\n<p>&nbsp;<\/p>\n<\/div>\n<\/div><\/div><\/div><\/div><div id=\"pg-3743-1\"  class=\"panel-grid panel-no-style\" ><div id=\"pgc-3743-1-0\"  class=\"panel-grid-cell\" ><div id=\"panel-3743-1-0-0\" class=\"so-panel widget widget_sow-editor panel-first-child panel-last-child\" data-index=\"1\" ><div class=\"so-widget-sow-editor so-widget-sow-editor-base\">\n<div class=\"siteorigin-widget-tinymce textwidget\">\n\t<h2>\u00cenchiriere de schi \u0219i biciclete electrice<span style=\"color: #aaa; font-weight: 300;\"><br \/>\nHargita M\u0103d\u0103ra\u0219<br \/>\n<\/span><\/h2>\n<p style=\"font-size: 16px; text-align: justify;\">Scopul echipei noastre este de a oferi servicii de calitate celor interesa\u021bi de mi\u0219care \u0219i sport \u00een natur\u0103. Baza noastra este Harghita Madarasi, dar putem organiza excursii oriunde, si putem livra echipamentul inchiriat si in alte locatii prin acord prealabil.<\/p>\n<\/div>\n<\/div><\/div><\/div><div id=\"pgc-3743-1-1\"  class=\"panel-grid-cell\" ><div id=\"panel-3743-1-1-0\" class=\"so-panel widget widget_sow-image panel-first-child panel-last-child\" data-index=\"2\" ><div class=\"so-widget-sow-image so-widget-sow-image-default-72463164d13f-3743\">\n\n<div class=\"sow-image-container\">\n\t<img decoding=\"async\" src=\"https:\/\/skiebike.ro\/wp-content\/uploads\/rolunk-logo.png\" width=\"573\" height=\"172\" srcset=\"https:\/\/skiebike.ro\/wp-content\/uploads\/rolunk-logo.png 573w, https:\/\/skiebike.ro\/wp-content\/uploads\/rolunk-logo-300x90.png 300w\" sizes=\"auto, (max-width: 573px) 100vw, 573px\" alt=\"\" loading=\"lazy\" \t\tclass=\"so-widget-image\"\/>\n<\/div>\n\n<\/div><\/div><\/div><\/div><div id=\"pg-3743-2\"  class=\"panel-grid panel-no-style\" ><div id=\"pgc-3743-2-0\"  class=\"panel-grid-cell\" ><div id=\"panel-3743-2-0-0\" class=\"so-panel widget widget_pw_special_title widget-special-title panel-first-child panel-last-child\" data-index=\"3\" >\t\t\t<h2 class=\"special-title\">\n\t\t\t\tAktu\u00e1lis \t\t\t<\/h2>\n\t\t<\/div><\/div><\/div><div id=\"pg-3743-3\"  class=\"panel-grid panel-no-style\" ><div id=\"pgc-3743-3-0\"  class=\"panel-grid-cell\" ><div id=\"panel-3743-3-0-0\" class=\"so-panel widget widget_pw_featured_page widget-featured-page panel-first-child panel-last-child\" data-index=\"4\" >\n\t<div class=\"page-box  page-box--block\">\n\t\t\t\t\t\t<a class=\"page-box__picture\" href=\"https:\/\/skiebike.ro\/teli-kalandok\/sikolcsonzes\/\">\n\t\t\t\t\t<img loading=\"lazy\" decoding=\"async\" src=\"https:\/\/skiebike.ro\/wp-content\/uploads\/sikolcsonzes2-350x175.jpg\" width=\"350\" height=\"175\" srcset=\"https:\/\/skiebike.ro\/wp-content\/uploads\/sikolcsonzes2-350x175.jpg 350w, https:\/\/skiebike.ro\/wp-content\/uploads\/sikolcsonzes2.jpg 860w\" sizes=\"auto, (min-width: 1200px) 350px, (min-width: 992px) 290px, (min-width: 768px) 690px, (min-width: 576px) 510px, calc(100vw - 30px)\" class=\"wp-post-image\" alt=\"S\u00edk\u00f6lcs\u00f6nz\u00e9s\">\n\t\t\t\t\t\t\t\t\t<\/a>\n\t\t\t\t\t\t\t\t<div class=\"page-box__content\">\n\t\t\t<h2 class=\"page-box__title\"><a href=\"https:\/\/skiebike.ro\/teli-kalandok\/sikolcsonzes\/\">S\u00edk\u00f6lcs\u00f6nz\u00e9s<\/a><\/h2>\n\t\t\t<p class=\"page-box__text\">S\u00ed \u00e9s snowboard k\u00f6lcs\u00f6nz\u00e9s\nBakancsok, \u00f6lt\u00f6zetek, sz\u00e1nk\u00f3k\n\nS\u00edp\u00e1ly\u00e1n szeretn\u00e9d t\u00f6lteni napod? Mi tudunk szolg\u00e1lni s\u00ed, snowboard, &hellip;<\/p>\n\t\t\t\t\t<\/div>\n\t<\/div>\n\n<\/div><\/div><div id=\"pgc-3743-3-1\"  class=\"panel-grid-cell\" ><div id=\"panel-3743-3-1-0\" class=\"so-panel widget widget_pw_featured_page widget-featured-page panel-first-child panel-last-child\" data-index=\"5\" >\n\t<div class=\"page-box  page-box--block\">\n\t\t\t\t\t\t<a class=\"page-box__picture\" href=\"https:\/\/skiebike.ro\/teli-kalandok\/sioktatas\/\">\n\t\t\t\t\t<img loading=\"lazy\" decoding=\"async\" src=\"https:\/\/skiebike.ro\/wp-content\/uploads\/siiskola-1-350x175.jpg\" width=\"350\" height=\"175\" srcset=\"https:\/\/skiebike.ro\/wp-content\/uploads\/siiskola-1-350x175.jpg 350w, https:\/\/skiebike.ro\/wp-content\/uploads\/siiskola-1.jpg 860w\" sizes=\"auto, (min-width: 1200px) 350px, (min-width: 992px) 290px, (min-width: 768px) 690px, (min-width: 576px) 510px, calc(100vw - 30px)\" class=\"wp-post-image\" alt=\"S\u00edoktat\u00e1s\">\n\t\t\t\t\t\t\t\t\t<\/a>\n\t\t\t\t\t\t\t\t<div class=\"page-box__content\">\n\t\t\t<h2 class=\"page-box__title\"><a href=\"https:\/\/skiebike.ro\/teli-kalandok\/sioktatas\/\">S\u00edoktat\u00e1s<\/a><\/h2>\n\t\t\t<p class=\"page-box__text\">Tanuld meg a s\u00edz\u00e9s fort\u00e9lyait a profikt\u00f3l, hogy biztons\u00e1gosan s\u00edzhess<\/p>\n\t\t\t\t\t<\/div>\n\t<\/div>\n\n<\/div><\/div><div id=\"pgc-3743-3-2\"  class=\"panel-grid-cell\" ><div id=\"panel-3743-3-2-0\" class=\"so-panel widget widget_pw_featured_page widget-featured-page panel-first-child panel-last-child\" data-index=\"6\" >\n\t<div class=\"page-box  page-box--block\">\n\t\t\t\t\t\t<a class=\"page-box__picture\" href=\"https:\/\/skiebike.ro\/teli-kalandok\/sitski-foglalkozasok\/\">\n\t\t\t\t\t<img loading=\"lazy\" decoding=\"async\" src=\"https:\/\/skiebike.ro\/wp-content\/uploads\/sitski-350x175.jpg\" width=\"350\" height=\"175\" srcset=\"https:\/\/skiebike.ro\/wp-content\/uploads\/sitski-350x175.jpg 350w, https:\/\/skiebike.ro\/wp-content\/uploads\/sitski.jpg 860w\" sizes=\"auto, (min-width: 1200px) 350px, (min-width: 992px) 290px, (min-width: 768px) 690px, (min-width: 576px) 510px, calc(100vw - 30px)\" class=\"wp-post-image\" alt=\"Sitski foglalkoz\u00e1s\">\n\t\t\t\t\t\t\t\t\t<\/a>\n\t\t\t\t\t\t\t\t<div class=\"page-box__content\">\n\t\t\t<h2 class=\"page-box__title\"><a href=\"https:\/\/skiebike.ro\/teli-kalandok\/sitski-foglalkozasok\/\">Sitski foglalkoz\u00e1s<\/a><\/h2>\n\t\t\t<p class=\"page-box__text\">Tanuld meg a s\u00edz\u00e9s fort\u00e9lyait a profikt\u00f3l, hogy biztons\u00e1gosan s\u00edzhess<\/p>\n\t\t\t\t\t<\/div>\n\t<\/div>\n\n<\/div><\/div><\/div><\/div>","protected":false},"excerpt":{"rendered":"<p>&nbsp; &nbsp; &nbsp; \u00cenchiriere de schi \u0219i biciclete electrice Hargita M\u0103d\u0103ra\u0219 Scopul echipei noastre este de a oferi servicii de calitate celor interesa\u021bi de mi\u0219care \u0219i sport \u00een natur\u0103. Baza noastra este Harghita Madarasi, dar putem organiza excursii oriunde, si putem livra echipamentul inchiriat si in alte locatii prin acord prealabil.<\/p>\n","protected":false},"author":1,"featured_media":0,"parent":0,"menu_order":0,"comment_status":"closed","ping_status":"closed","template":"template-front-page-slider.php","meta":{"footnotes":""},"class_list":{"0":"post-3743","1":"page","2":"type-page","3":"status-publish","5":"clearfix","6":"article"},"yoast_head":"<!-- This site is optimized with the Yoast SEO Premium plugin v15.3 - https:\/\/yoast.com\/wordpress\/plugins\/seo\/ -->\n<title>\u00cenchiriere de schi \u0219i biciclete electrice - Harghita M\u0103d\u0103ra\u0219<\/title>\n<meta name=\"description\" content=\"Scopul echipei noastre este de a oferi servicii de calitate celor interesa\u021bi de mi\u0219care \u0219i sport \u00een natur\u0103.\" \/>\n<meta name=\"robots\" content=\"index, follow, max-snippet:-1, max-image-preview:large, max-video-preview:-1\" \/>\n<link rel=\"canonical\" href=\"https:\/\/skiebike.ro\/ro\/home\/\" \/>\n<meta property=\"og:locale\" content=\"ro_RO\" \/>\n<meta property=\"og:type\" content=\"article\" \/>\n<meta property=\"og:title\" content=\"\u00cenchiriere de schi \u0219i biciclete electrice - Harghita M\u0103d\u0103ra\u0219\" \/>\n<meta property=\"og:description\" content=\"Scopul echipei noastre este de a oferi servicii de calitate celor interesa\u021bi de mi\u0219care \u0219i sport \u00een natur\u0103.\" \/>\n<meta property=\"og:url\" content=\"https:\/\/skiebike.ro\/ro\/home\/\" \/>\n<meta property=\"og:site_name\" content=\"Ski &amp; E-bike\" \/>\n<meta property=\"article:modified_time\" content=\"2022-12-07T22:55:15+00:00\" \/>\n<meta name=\"twitter:card\" content=\"summary_large_image\" \/>\n<meta name=\"twitter:label1\" content=\"Scris de\">\n\t<meta name=\"twitter:data1\" content=\"Sipos Zoltan\">\n\t<meta name=\"twitter:label2\" content=\"Timp estimat pentru citire\">\n\t<meta name=\"twitter:data2\" content=\"0 minute\">\n<script type=\"application\/ld+json\" class=\"yoast-schema-graph\">{\"@context\":\"https:\/\/schema.org\",\"@graph\":[{\"@type\":\"WebSite\",\"@id\":\"https:\/\/skiebike.ro\/#website\",\"url\":\"https:\/\/skiebike.ro\/\",\"name\":\"Ski &amp; E-bike\",\"description\":\"\",\"potentialAction\":[{\"@type\":\"SearchAction\",\"target\":\"https:\/\/skiebike.ro\/?s={search_term_string}\",\"query-input\":\"required name=search_term_string\"}],\"inLanguage\":\"ro-RO\"},{\"@type\":\"WebPage\",\"@id\":\"https:\/\/skiebike.ro\/ro\/home\/#webpage\",\"url\":\"https:\/\/skiebike.ro\/ro\/home\/\",\"name\":\"\\u00cenchiriere de schi \\u0219i biciclete electrice - Harghita M\\u0103d\\u0103ra\\u0219\",\"isPartOf\":{\"@id\":\"https:\/\/skiebike.ro\/#website\"},\"datePublished\":\"2021-06-07T21:06:18+00:00\",\"dateModified\":\"2022-12-07T22:55:15+00:00\",\"description\":\"Scopul echipei noastre este de a oferi servicii de calitate celor interesa\\u021bi de mi\\u0219care \\u0219i sport \\u00een natur\\u0103.\",\"inLanguage\":\"ro-RO\",\"potentialAction\":[{\"@type\":\"ReadAction\",\"target\":[\"https:\/\/skiebike.ro\/ro\/home\/\"]}]}]}<\/script>\n<!-- \/ Yoast SEO Premium plugin. -->","_links":{"self":[{"href":"https:\/\/skiebike.ro\/ro\/wp-json\/wp\/v2\/pages\/3743","targetHints":{"allow":["GET"]}}],"collection":[{"href":"https:\/\/skiebike.ro\/ro\/wp-json\/wp\/v2\/pages"}],"about":[{"href":"https:\/\/skiebike.ro\/ro\/wp-json\/wp\/v2\/types\/page"}],"author":[{"embeddable":true,"href":"https:\/\/skiebike.ro\/ro\/wp-json\/wp\/v2\/users\/1"}],"replies":[{"embeddable":true,"href":"https:\/\/skiebike.ro\/ro\/wp-json\/wp\/v2\/comments?post=3743"}],"version-history":[{"count":18,"href":"https:\/\/skiebike.ro\/ro\/wp-json\/wp\/v2\/pages\/3743\/revisions"}],"predecessor-version":[{"id":3912,"href":"https:\/\/skiebike.ro\/ro\/wp-json\/wp\/v2\/pages\/3743\/revisions\/3912"}],"wp:attachment":[{"href":"https:\/\/skiebike.ro\/ro\/wp-json\/wp\/v2\/media?parent=3743"}],"curies":[{"name":"wp","href":"https:\/\/api.w.org\/{rel}","templated":true}]}}